{"id":10,"date":"2019-09-04T16:45:33","date_gmt":"2019-09-04T16:45:33","guid":{"rendered":"http:\/\/zukunftswerkstatt-wiesenthal.de\/?page_id=10"},"modified":"2023-10-25T07:41:29","modified_gmt":"2023-10-25T07:41:29","slug":"was-ist-die-zws","status":"publish","type":"page","link":"http:\/\/zukunftswerkstatt-wiesenthal.de\/?page_id=10","title":{"rendered":"Die Zukunftswerkstatt"},"content":{"rendered":"\n<p>Die Zukunftswerkstatt Wiesenthal &#8211; kurz ZWS &#8211; ist ein Gruppe von (jungen) Erwachsenen &#8211; meist &#8222;Zur\u00fcckgekehrten&#8220; &#8211; aber auch alteingesessenen Wiesenthalern, die das gesellschaftliche Miteinander in Hammer-\/Unter- und Ober-Wiesenthal st\u00e4rken wollen. Hier kommen alle zusammen, die dieses Interesse auf Grundlage demokratischer Werte teilen, um ein noch l(i)ebenswertes Wiesenthal zu schaffen. <br>Wir sind ein gemeinn\u00fctziger Verein und arbeiten damit nicht gewinnorientiert.<\/p>\n\n\n\n<p>Leitfragen die uns begleiten sind:<\/p>\n\n\n\n<ul>\n<li>Wie sieht unser Wiesenthal der Zukunft aus?<\/li>\n\n\n\n<li>Wie m\u00f6chten wir hier leben?<\/li>\n\n\n\n<li>Wo m\u00f6chte und kann sich jede*r daf\u00fcr engagieren?<\/li>\n<\/ul>\n\n\n\n<p>Wir wollen w\u00fcrdigen was war, st\u00e4rken, was ist und Neues ins Leben bringen.<\/p>\n\n\n\n<p>Dabei sind folgende Ideen sind im Entstehen:<\/p>\n\n\n\n<ol>\n<li>Kinderturn und -tanzgruppe: weg vom Tablet, hin zum K\u00f6rper<\/li>\n\n\n\n<li>Gemeinschaftsgarten: Wir denken an einen Ort, in dem gemeinsam gewerkelt und gewirtschaftet wird. An einen Platz, der Begegnung zum Wissensaustausch zwischen erfahrenen G\u00e4rtnern und &#8222;jungem Gem\u00fcse&#8220; erm\u00f6glicht. Einen Platz, der auch dem Kindergarten und Hort dienen oder Mensch sich undebarft treffen kann &#8211; am Beet, am Feuer oder unter dem Laubendach.<\/li>\n\n\n\n<li>Wiesenthaler Schaukasten: unkompliziert zwischen B\u00fcrgern Infos austauschen (z.B. als Hilfe-Helfer-B\u00f6rse)<\/li>\n\n\n\n<li>Grenz\u00fcbergreifende Feste wie z.B. &#8222;Grenzbach-Festival&#8220;, um geografische Grenzen zu \u00fcberwinden und neben den bestehenden Grenzbach-Br\u00fccken auch zwischenmenschliche Br\u00fccken zu bauen<\/li>\n\n\n\n<li>und nun, neu und lebendig: das WiesenthalerWohnzimmer, unser WiWo.<\/li>\n<\/ol>\n\n\n\n<p><\/p>\n\n\n\n<p>Den aktuellen Stand der Ideen finden sich unter <a href=\"http:\/\/zukunftswerkstatt-wiesenthal.de\/?page_id=6(\u00f6ffnet in neuem Tab)\">Projekte<\/a><\/p>\n","protected":false},"excerpt":{"rendered":"<p>Die Zukunftswerkstatt Wiesenthal &#8211; kurz ZWS &#8211; ist ein Gruppe von (jungen) Erwachsenen &#8211; meist &#8222;Zur\u00fcckgekehrten&#8220; &#8211; aber auch alteingesessenen Wiesenthalern, die das gesellschaftliche Miteinander in Hammer-\/Unter- und Ober-Wiesenthal st\u00e4rken wollen. Hier kommen alle zusammen, die dieses Interesse auf Grundlage demokratischer Werte teilen, um ein noch l(i)ebenswertes Wiesenthal zu schaffen. [&hellip;]<\/p>\n","protected":false},"author":1,"featured_media":0,"parent":0,"menu_order":0,"comment_status":"closed","ping_status":"closed","template":"","meta":{"footnotes":""},"_links":{"self":[{"href":"http:\/\/zukunftswerkstatt-wiesenthal.de\/index.php?rest_route=\/wp\/v2\/pages\/10"}],"collection":[{"href":"http:\/\/zukunftswerkstatt-wiesenthal.de\/index.php?rest_route=\/wp\/v2\/pages"}],"about":[{"href":"http:\/\/zukunftswerkstatt-wiesenthal.de\/index.php?rest_route=\/wp\/v2\/types\/page"}],"author":[{"embeddable":true,"href":"http:\/\/zukunftswerkstatt-wiesenthal.de\/index.php?rest_route=\/wp\/v2\/users\/1"}],"replies":[{"embeddable":true,"href":"http:\/\/zukunftswerkstatt-wiesenthal.de\/index.php?rest_route=%2Fwp%2Fv2%2Fcomments&post=10"}],"version-history":[{"count":13,"href":"http:\/\/zukunftswerkstatt-wiesenthal.de\/index.php?rest_route=\/wp\/v2\/pages\/10\/revisions"}],"predecessor-version":[{"id":379,"href":"http:\/\/zukunftswerkstatt-wiesenthal.de\/index.php?rest_route=\/wp\/v2\/pages\/10\/revisions\/379"}],"wp:attachment":[{"href":"http:\/\/zukunftswerkstatt-wiesenthal.de\/index.php?rest_route=%2Fwp%2Fv2%2Fmedia&parent=10"}],"curies":[{"name":"wp","href":"https:\/\/api.w.org\/{rel}","templated":true}]}}