{"id":6,"date":"2019-08-14T08:31:03","date_gmt":"2019-08-14T08:31:03","guid":{"rendered":"http:\/\/zukunftswerkstatt-wiesenthal.de\/?page_id=6"},"modified":"2023-10-23T10:06:12","modified_gmt":"2023-10-23T10:06:12","slug":"was-wir-wollen","status":"publish","type":"page","link":"http:\/\/zukunftswerkstatt-wiesenthal.de\/?page_id=6","title":{"rendered":"Projekte"},"content":{"rendered":"\n<p class=\"has-text-align-center has-black-color has-white-background-color has-text-color has-background\">Die Zukunftswerkstatt Wiesenthal versteht sich als B\u00fcndnis oder auch Sammelbecken, in dem verschiedene, das Wiesenthaler Gemeindewesen st\u00e4rkende Projekte realisiert werden k\u00f6nnen. Hier findest du einen \u00dcberblick zu Ideen, Visionen und auch Laufendem. Gleichzeitig aktualisieren wir den Stand der einzelnen Projekten.<\/p>\n\n\n\n<div class=\"wp-block-media-text alignwide is-stacked-on-mobile\"><figure class=\"wp-block-media-text__media\"><\/figure><div class=\"wp-block-media-text__content\">\n<p><strong>1. <\/strong>Wiesenthaler Wohnzimmer.<\/p>\n\n\n\n<p>Das WiWo ist ein Ort f\u00fcr Begegnung &amp; Austausch und damit ein Treffpunkt f\u00fcr alle Generationen als  Erg\u00e4nzungsangebot zu unserem sch\u00f6nen Familienzentrum im Ort.<\/p>\n\n\n\n<p>Wir \u00f6ffnen die T\u00fcren besonders in den Abendstunden, um all denen, die die Angebote im Ort an anderer Stelle nicht nutzen k\u00f6nnen, auch die M\u00f6glichkeit zu geben mehr am \u00f6ffentlichen Leben teilzunehmen.<\/p>\n\n\n\n<p>F\u00fcr die Jugend im Ort schaffen wir damit einen Platz, um sich unkompliziert zu treffen \u2013 immer mit einer erwachsenen Betreuungsperson als Unterst\u00fctzung.<\/p>\n\n\n\n<p>F\u00fcr alle anderen sind es einfach R\u00e4ume, die \u00fcber den Verein genutzt werden k\u00f6nnen: vom Kaffeekr\u00e4nzl, dem Buchklub bis hin zu einem Reparaturkreis \u2013 je nachdem was noch entstehen wird.<\/p>\n\n\n\n<p>Was aktuell im WiEo l\u00e4uft, erfahrt ihr hier. <\/p>\n\n\n\n<p><strong>2. Kinderturn- und -tanzgruppe:<\/strong><\/p>\n\n\n\n<p>Wir wollen Kindern im Alter von 4-6 Jahren in ihrem Bewegungsspektrum f\u00f6rdern und damit Grundlagen f\u00fcrs Leben schaffen \u2013 durch ein besseres K\u00f6rpergef\u00fchl und -bewusstsein und <a href=\"http:\/\/zukunftswerkstatt-wiesenthal.de\/?page_id=53(\u00f6ffnet in neuem Tab)\" target=\"_blank\" rel=\"noreferrer noopener\" aria-label=\"Lust an Bewegung... (\u00f6ffnet in neuem Tab)\">Lust an Bewegung&#8230;<\/a> <\/p>\n\n\n\n<p>L\u00e4uft! Danke an Dominique, Judith, den OSV und alle anderen Unterst\u00fctzerInnen!<\/p>\n<\/div><\/div>\n\n\n\n<div class=\"wp-block-media-text alignwide has-media-on-the-right\"><figure class=\"wp-block-media-text__media\"><\/figure><div class=\"wp-block-media-text__content\">\n\n<p><strong>2. Jugend- &amp; Senioren (Paten)Programm<\/strong><\/p>\n\n\n<p>In Wiesenthal aufzuwachsen ist zurzeit aufgrund fehlender Angebote f\u00fcr Kinder und Jugendliche nicht ganz leicht. Wir unterst\u00fctzen junge Menschen, die M\u00f6glichkeiten schaffen und das <a href=\"http:\/\/zukunftswerkstatt-wiesenthal.de\/?page_id=55(\u00f6ffnet in neuem Tab)\">\u00e4ndern wollen! <\/a><\/p>\n\n\n<p><\/p>\n\n<\/div><\/div>\n\n\n\n<div class=\"wp-block-media-text alignwide is-stacked-on-mobile\"><figure class=\"wp-block-media-text__media\"><\/figure><div class=\"wp-block-media-text__content\">\n<p><strong>3. Gemeinschaftsgarten<\/strong><\/p>\n\n\n\n<p>Wir denken an einen Garten, in dem gemeinsam gewerkelt und gewirtschaftet wird; an einen Ort der Begegnung zum Wissensaustausch zwischen erfahrenen G\u00e4rtnern und <a href=\"http:\/\/zukunftswerkstatt-wiesenthal.de\/?page_id=51(\u00f6ffnet in neuem Tab)\">\u201ejungem Gem\u00fcse\u201c erm\u00f6glicht&#8230;<\/a><\/p>\n\n\n\n<p><\/p>\n<\/div><\/div>\n\n\n\n<div class=\"wp-block-media-text alignwide has-media-on-the-right\" style=\"grid-template-columns:auto 38%\"><figure class=\"wp-block-media-text__media\"><img decoding=\"async\" loading=\"lazy\" width=\"1024\" height=\"683\" src=\"https:\/\/zukunftswerkstatt-wiesenthal.de\/wp-content\/uploads\/2019\/10\/Grenzbach_Festival_Bsp_2-1-1024x683.jpg\" alt=\"\" class=\"wp-image-81\" srcset=\"http:\/\/zukunftswerkstatt-wiesenthal.de\/wp-content\/uploads\/2019\/10\/Grenzbach_Festival_Bsp_2-1-1024x683.jpg 1024w, http:\/\/zukunftswerkstatt-wiesenthal.de\/wp-content\/uploads\/2019\/10\/Grenzbach_Festival_Bsp_2-1-300x200.jpg 300w, http:\/\/zukunftswerkstatt-wiesenthal.de\/wp-content\/uploads\/2019\/10\/Grenzbach_Festival_Bsp_2-1-768x513.jpg 768w, http:\/\/zukunftswerkstatt-wiesenthal.de\/wp-content\/uploads\/2019\/10\/Grenzbach_Festival_Bsp_2-1-360x240.jpg 360w, http:\/\/zukunftswerkstatt-wiesenthal.de\/wp-content\/uploads\/2019\/10\/Grenzbach_Festival_Bsp_2-1.jpg 1500w\" sizes=\"(max-width: 1024px) 100vw, 1024px\" \/><\/figure><div class=\"wp-block-media-text__content\">\n\n<p><strong>4. Grenzbach-Festival<\/strong><\/p>\n\n\n<p>Der Grenzbach bildet die geografische Grenze zwischen Deutschland und Tschechien und teilt den Ort Ober- bzw. Unterwiesenthal und Lucna. Diese geografische als auch \u201ekopfige\u201c Grenze wollen wir \u00fcberwinden und neben den bestehenden Grenzbach-Br\u00fccken auch <a href=\"http:\/\/zukunftswerkstatt-wiesenthal.de\/?page_id=59(\u00f6ffnet in neuem Tab)\">zwischenmenschliche Br\u00fccken bauen&#8230;<\/a><\/p>\n\n\n<p><\/p>\n\n<\/div><\/div>\n\n\n\n<div class=\"wp-block-media-text alignwide\" style=\"grid-template-columns:31% auto\"><figure class=\"wp-block-media-text__media\"><img decoding=\"async\" loading=\"lazy\" width=\"1024\" height=\"724\" src=\"http:\/\/zukunftswerkstatt-wiesenthal.de\/wp-content\/uploads\/2019\/10\/Tauschschrank_Bsp-1024x724.jpg\" alt=\"\" class=\"wp-image-74\" srcset=\"http:\/\/zukunftswerkstatt-wiesenthal.de\/wp-content\/uploads\/2019\/10\/Tauschschrank_Bsp-1024x724.jpg 1024w, http:\/\/zukunftswerkstatt-wiesenthal.de\/wp-content\/uploads\/2019\/10\/Tauschschrank_Bsp-300x212.jpg 300w, http:\/\/zukunftswerkstatt-wiesenthal.de\/wp-content\/uploads\/2019\/10\/Tauschschrank_Bsp-768x543.jpg 768w\" sizes=\"(max-width: 1024px) 100vw, 1024px\" \/><\/figure><div class=\"wp-block-media-text__content\">\n\n<p><strong>5. Tauschschrank<\/strong><\/p>\n\n\n<p>Die Idee ist, im \u00f6ffentlichen Raum einen frei zug\u00e4nglichen Schrank zu platzieren. Dort k\u00f6nnen nicht mehr ben\u00f6tigte B\u00fccher und Kleidung ablegt und entnommen werden. <a href=\"http:\/\/zukunftswerkstatt-wiesenthal.de\/?page_id=57(\u00f6ffnet in neuem Tab)\">Macht Spa\u00df, kostet nichts.<\/a><\/p>\n\n\n<p><\/p>\n\n<\/div><\/div>\n","protected":false},"excerpt":{"rendered":"<p>Die Zukunftswerkstatt Wiesenthal versteht sich als B\u00fcndnis oder auch Sammelbecken, in dem verschiedene, das Wiesenthaler Gemeindewesen st\u00e4rkende Projekte realisiert werden k\u00f6nnen. Hier findest du einen \u00dcberblick zu Ideen, Visionen und auch Laufendem. Gleichzeitig aktualisieren wir den Stand der einzelnen Projekten. 1. Wiesenthaler Wohnzimmer. Das WiWo ist ein Ort f\u00fcr Begegnung [&hellip;]<\/p>\n","protected":false},"author":1,"featured_media":0,"parent":0,"menu_order":0,"comment_status":"closed","ping_status":"closed","template":"","meta":{"footnotes":""},"_links":{"self":[{"href":"http:\/\/zukunftswerkstatt-wiesenthal.de\/index.php?rest_route=\/wp\/v2\/pages\/6"}],"collection":[{"href":"http:\/\/zukunftswerkstatt-wiesenthal.de\/index.php?rest_route=\/wp\/v2\/pages"}],"about":[{"href":"http:\/\/zukunftswerkstatt-wiesenthal.de\/index.php?rest_route=\/wp\/v2\/types\/page"}],"author":[{"embeddable":true,"href":"http:\/\/zukunftswerkstatt-wiesenthal.de\/index.php?rest_route=\/wp\/v2\/users\/1"}],"replies":[{"embeddable":true,"href":"http:\/\/zukunftswerkstatt-wiesenthal.de\/index.php?rest_route=%2Fwp%2Fv2%2Fcomments&post=6"}],"version-history":[{"count":13,"href":"http:\/\/zukunftswerkstatt-wiesenthal.de\/index.php?rest_route=\/wp\/v2\/pages\/6\/revisions"}],"predecessor-version":[{"id":366,"href":"http:\/\/zukunftswerkstatt-wiesenthal.de\/index.php?rest_route=\/wp\/v2\/pages\/6\/revisions\/366"}],"wp:attachment":[{"href":"http:\/\/zukunftswerkstatt-wiesenthal.de\/index.php?rest_route=%2Fwp%2Fv2%2Fmedia&parent=6"}],"curies":[{"name":"wp","href":"https:\/\/api.w.org\/{rel}","templated":true}]}}